{"id":275,"date":"2024-05-14T07:19:32","date_gmt":"2024-05-14T07:19:32","guid":{"rendered":"https:\/\/mibzrt.honlaptest.site\/?page_id=275"},"modified":"2024-05-24T14:54:50","modified_gmt":"2024-05-24T14:54:50","slug":"projektek","status":"publish","type":"page","link":"https:\/\/mibzrt.honlaptest.site\/?page_id=275","title":{"rendered":"Projektek"},"content":{"rendered":"<p>[et_pb_section fb_built=&#8221;1&#8243; _builder_version=&#8221;4.23&#8243; _module_preset=&#8221;default&#8221; background_color=&#8221;#1e1e1e&#8221; custom_padding=&#8221;0px||0px||true|&#8221; global_colors_info=&#8221;{}&#8221;][et_pb_row _builder_version=&#8221;4.23&#8243; _module_preset=&#8221;default&#8221; custom_padding=&#8221;0px||0px|||&#8221; global_colors_info=&#8221;{}&#8221;][et_pb_column type=&#8221;4_4&#8243; _builder_version=&#8221;4.23&#8243; _module_preset=&#8221;default&#8221; global_colors_info=&#8221;{}&#8221;][revslider_divi revslider_divi=&#8221;%91rev_slider alias=%221-hero-hirek-11%22 slidertitle=%221 &#8211; Hero projektjeink%22%93%91\/rev_slider%93&#8243; _builder_version=&#8221;4.24.2&#8243; _module_preset=&#8221;default&#8221; global_colors_info=&#8221;{}&#8221;][\/revslider_divi][\/et_pb_column][\/et_pb_row][\/et_pb_section][et_pb_section fb_built=&#8221;1&#8243; disabled_on=&#8221;off|off|off&#8221; module_id=&#8221;desktop&#8221; module_class=&#8221;desktop&#8221; _builder_version=&#8221;4.23&#8243; _module_preset=&#8221;default&#8221; background_color=&#8221;#efebe6&#8243; custom_padding=&#8221;0px||0px||true|&#8221; global_colors_info=&#8221;{}&#8221;][et_pb_row _builder_version=&#8221;4.23&#8243; _module_preset=&#8221;default&#8221; custom_padding=&#8221;0px||0px|||&#8221; global_colors_info=&#8221;{}&#8221;][et_pb_column type=&#8221;4_4&#8243; _builder_version=&#8221;4.23&#8243; _module_preset=&#8221;default&#8221; global_colors_info=&#8221;{}&#8221;][revslider_divi revslider_divi=&#8221;%91rev_slider alias=%22services1-12%22 slidertitle=%22Key facts &#8211; Desk\/Note2%22%93%91\/rev_slider%93&#8243; disabled_on=&#8221;off|off|off&#8221; _builder_version=&#8221;4.23&#8243; _module_preset=&#8221;default&#8221; global_colors_info=&#8221;{}&#8221;][\/revslider_divi][\/et_pb_column][\/et_pb_row][\/et_pb_section][et_pb_section fb_built=&#8221;1&#8243; disabled_on=&#8221;off|off|off&#8221; module_id=&#8221;tel&#8221; module_class=&#8221;tel&#8221; _builder_version=&#8221;4.23&#8243; _module_preset=&#8221;default&#8221; background_color=&#8221;#efebe6&#8243; custom_padding=&#8221;0px||0px||true|&#8221; global_colors_info=&#8221;{}&#8221;][et_pb_row _builder_version=&#8221;4.23&#8243; _module_preset=&#8221;default&#8221; custom_padding=&#8221;0px||0px|||&#8221; global_colors_info=&#8221;{}&#8221;][et_pb_column type=&#8221;4_4&#8243; _builder_version=&#8221;4.23&#8243; _module_preset=&#8221;default&#8221; global_colors_info=&#8221;{}&#8221;][revslider_divi revslider_divi=&#8221;%91rev_slider alias=%22key-facts-tab-1%22 slidertitle=%22Key facts &#8211; Tel%22%93%91\/rev_slider%93&#8243; disabled_on=&#8221;off|off|off&#8221; _builder_version=&#8221;4.23&#8243; _module_preset=&#8221;default&#8221; global_colors_info=&#8221;{}&#8221;][\/revslider_divi][\/et_pb_column][\/et_pb_row][\/et_pb_section][et_pb_section fb_built=&#8221;1&#8243; disabled_on=&#8221;off|off|off&#8221; module_id=&#8221;notebook&#8221; module_class=&#8221;notebook&#8221; _builder_version=&#8221;4.23&#8243; _module_preset=&#8221;default&#8221; background_color=&#8221;#efebe6&#8243; custom_padding=&#8221;0px||0px||true|&#8221; global_colors_info=&#8221;{}&#8221;][et_pb_row _builder_version=&#8221;4.23&#8243; _module_preset=&#8221;default&#8221; custom_padding=&#8221;0px||0px|||&#8221; global_colors_info=&#8221;{}&#8221;][et_pb_column type=&#8221;4_4&#8243; _builder_version=&#8221;4.23&#8243; _module_preset=&#8221;default&#8221; global_colors_info=&#8221;{}&#8221;][revslider_divi revslider_divi=&#8221;%91rev_slider alias=%22services1-12%22 slidertitle=%22Key facts &#8211; Desk\/Note2%22%93%91\/rev_slider%93&#8243; disabled_on=&#8221;off|off|off&#8221; _builder_version=&#8221;4.23&#8243; _module_preset=&#8221;default&#8221; global_colors_info=&#8221;{}&#8221;][\/revslider_divi][\/et_pb_column][\/et_pb_row][\/et_pb_section][et_pb_section fb_built=&#8221;1&#8243; disabled_on=&#8221;off|off|off&#8221; module_id=&#8221;tab&#8221; module_class=&#8221;tab&#8221; _builder_version=&#8221;4.23&#8243; _module_preset=&#8221;default&#8221; background_color=&#8221;#efebe6&#8243; custom_padding=&#8221;0px||0px||true|&#8221; global_colors_info=&#8221;{}&#8221;][et_pb_row _builder_version=&#8221;4.23&#8243; _module_preset=&#8221;default&#8221; custom_padding=&#8221;0px||0px|||&#8221; global_colors_info=&#8221;{}&#8221;][et_pb_column type=&#8221;4_4&#8243; _builder_version=&#8221;4.23&#8243; _module_preset=&#8221;default&#8221; global_colors_info=&#8221;{}&#8221;][revslider_divi revslider_divi=&#8221;%91rev_slider alias=%22key-facts-desk-note2-1%22 slidertitle=%22Key facts &#8211; Tab%22%93%91\/rev_slider%93&#8243; disabled_on=&#8221;off|off|off&#8221; _builder_version=&#8221;4.23&#8243; _module_preset=&#8221;default&#8221; global_colors_info=&#8221;{}&#8221;][\/revslider_divi][\/et_pb_column][\/et_pb_row][\/et_pb_section][et_pb_section fb_built=&#8221;1&#8243; _builder_version=&#8221;4.23&#8243; _module_preset=&#8221;default&#8221; background_color=&#8221;#efebe6&#8243; custom_padding=&#8221;0px||0px||true|&#8221; global_colors_info=&#8221;{}&#8221;][et_pb_row _builder_version=&#8221;4.23&#8243; _module_preset=&#8221;default&#8221; custom_padding=&#8221;0px||0px|||&#8221; global_colors_info=&#8221;{}&#8221;][et_pb_column type=&#8221;4_4&#8243; _builder_version=&#8221;4.23&#8243; _module_preset=&#8221;default&#8221; global_colors_info=&#8221;{}&#8221;][revslider_divi revslider_divi=&#8221;%91rev_slider alias=%224-key-facts-desk-note-1%22 slidertitle=%22Portfolio sz\u00f6veg%22%93%91\/rev_slider%93&#8243; _builder_version=&#8221;4.23&#8243; _module_preset=&#8221;default&#8221; global_colors_info=&#8221;{}&#8221;][\/revslider_divi][\/et_pb_column][\/et_pb_row][\/et_pb_section][et_pb_section fb_built=&#8221;1&#8243; module_id=&#8221;desktop&#8221; module_class=&#8221;desktop&#8221; _builder_version=&#8221;4.23&#8243; _module_preset=&#8221;default&#8221; background_color=&#8221;#efebe6&#8243; custom_padding=&#8221;0px||0px||true|&#8221; global_colors_info=&#8221;{}&#8221;][et_pb_row _builder_version=&#8221;4.23&#8243; _module_preset=&#8221;default&#8221; custom_padding=&#8221;0px||0px|||&#8221; global_colors_info=&#8221;{}&#8221;][et_pb_column type=&#8221;4_4&#8243; _builder_version=&#8221;4.23&#8243; _module_preset=&#8221;default&#8221; global_colors_info=&#8221;{}&#8221;][revslider_divi revslider_divi=&#8221;%91rev_slider alias=%22portfolio-desktop-uj%22 slidertitle=%22Portfolio Desktop \u00faj%22%93%91\/rev_slider%93&#8243; _builder_version=&#8221;4.23&#8243; _module_preset=&#8221;default&#8221; global_colors_info=&#8221;{}&#8221;][\/revslider_divi][\/et_pb_column][\/et_pb_row][\/et_pb_section][et_pb_section fb_built=&#8221;1&#8243; module_id=&#8221;notebook&#8221; module_class=&#8221;notebook&#8221; _builder_version=&#8221;4.23&#8243; _module_preset=&#8221;default&#8221; background_color=&#8221;#efebe6&#8243; custom_padding=&#8221;0px||0px||true|&#8221; global_colors_info=&#8221;{}&#8221;][et_pb_row _builder_version=&#8221;4.23&#8243; _module_preset=&#8221;default&#8221; custom_padding=&#8221;0px||0px|||&#8221; global_colors_info=&#8221;{}&#8221;][et_pb_column type=&#8221;4_4&#8243; _builder_version=&#8221;4.23&#8243; _module_preset=&#8221;default&#8221; global_colors_info=&#8221;{}&#8221;][revslider_divi revslider_divi=&#8221;%91rev_slider alias=%22portfolio-desktop-uj-1%22 slidertitle=%22Portfolio Notebook%22%93%91\/rev_slider%93&#8243; _builder_version=&#8221;4.23&#8243; _module_preset=&#8221;default&#8221; global_colors_info=&#8221;{}&#8221;][\/revslider_divi][\/et_pb_column][\/et_pb_row][\/et_pb_section][et_pb_section fb_built=&#8221;1&#8243; disabled_on=&#8221;off|off|off&#8221; module_id=&#8221;tab&#8221; module_class=&#8221;tab&#8221; _builder_version=&#8221;4.23&#8243; _module_preset=&#8221;default&#8221; background_color=&#8221;#efebe6&#8243; custom_padding=&#8221;0px||0px||true|&#8221; global_colors_info=&#8221;{}&#8221;][et_pb_row _builder_version=&#8221;4.23&#8243; _module_preset=&#8221;default&#8221; custom_padding=&#8221;0px||0px|||&#8221; global_colors_info=&#8221;{}&#8221;][et_pb_column type=&#8221;4_4&#8243; _builder_version=&#8221;4.23&#8243; _module_preset=&#8221;default&#8221; global_colors_info=&#8221;{}&#8221;][revslider_divi revslider_divi=&#8221;%91rev_slider alias=%22portfolio-notebook-1%22 slidertitle=%22Portfolio Tablet%22%93%91\/rev_slider%93&#8243; disabled_on=&#8221;off|off|off&#8221; _builder_version=&#8221;4.23&#8243; _module_preset=&#8221;default&#8221; global_colors_info=&#8221;{}&#8221;][\/revslider_divi][\/et_pb_column][\/et_pb_row][\/et_pb_section][et_pb_section fb_built=&#8221;1&#8243; disabled_on=&#8221;off|off|off&#8221; module_id=&#8221;tel&#8221; module_class=&#8221;tel&#8221; _builder_version=&#8221;4.23&#8243; _module_preset=&#8221;default&#8221; background_color=&#8221;#efebe6&#8243; custom_padding=&#8221;0px||0px||true|&#8221; global_colors_info=&#8221;{}&#8221;][et_pb_row _builder_version=&#8221;4.23&#8243; _module_preset=&#8221;default&#8221; custom_padding=&#8221;0px||0px|||&#8221; global_colors_info=&#8221;{}&#8221;][et_pb_column type=&#8221;4_4&#8243; _builder_version=&#8221;4.23&#8243; _module_preset=&#8221;default&#8221; global_colors_info=&#8221;{}&#8221;][revslider_divi revslider_divi=&#8221;%91rev_slider alias=%22portfolio-tablet-1%22 slidertitle=%22Portfolio Tel%22%93%91\/rev_slider%93&#8243; disabled_on=&#8221;off|off|off&#8221; _builder_version=&#8221;4.23&#8243; _module_preset=&#8221;default&#8221; global_colors_info=&#8221;{}&#8221;][\/revslider_divi][\/et_pb_column][\/et_pb_row][\/et_pb_section][et_pb_section fb_built=&#8221;1&#8243; _builder_version=&#8221;4.23&#8243; _module_preset=&#8221;default&#8221; background_color=&#8221;#efebe6&#8243; custom_padding=&#8221;0px||0px||true|&#8221; global_colors_info=&#8221;{}&#8221;][et_pb_row _builder_version=&#8221;4.23&#8243; _module_preset=&#8221;default&#8221; custom_padding=&#8221;0px||0px|||&#8221; global_colors_info=&#8221;{}&#8221;][et_pb_column type=&#8221;4_4&#8243; _builder_version=&#8221;4.23&#8243; _module_preset=&#8221;default&#8221; global_colors_info=&#8221;{}&#8221;][revslider_divi revslider_divi=&#8221;%91rev_slider alias=%22projects-modal3-1%22 slidertitle=%22M%22 usage=%22modal%22%93%91\/rev_slider%93&#8243; _builder_version=&#8221;4.24.2&#8243; _module_preset=&#8221;default&#8221; global_colors_info=&#8221;{}&#8221;][\/revslider_divi][\/et_pb_column][\/et_pb_row][\/et_pb_section]<\/p>\n","protected":false},"excerpt":{"rendered":"<p><div class=\"et_pb_module revslider_divi revslider_divi_0\">\n\t\t\t\t\n\t\t\t\t\n\t\t\t\t\n\t\t\t\t\n\t\t\t\t\n\t\t\t\t\n\t\t\t\t<div class=\"et_pb_module_inner\">\n\t\t\t\t\t\n\t\t\t\t<p class=\"rs-p-wp-fix\"><\/p>\n\t\t\t\t<sr7-module data-alias=\"1-hero-hirek-11\" data-id=\"74\" id=\"hero3\" class=\"rs-ov-hidden\" data-version=\"6.7.37\">\n\t\t\t\t\t<sr7-adjuster><\/sr7-adjuster>\n\t\t\t\t\t<sr7-content>\n\t\t\t\t\t\t<sr7-slide id=\"hero3-289\" data-key=\"289\">\n\t\t\t\t\t\t\t<sr7-bg id=\"hero3-289-23\" class=\"sr7-layer\"><noscript><img decoding=\"async\" src=\"https:\/\/mibzrt.honlaptest.site\/wp-content\/uploads\/2024\/05\/budabright_kozeli_0090000-1.jpg\" alt=\"\" title=\"budabright_kozeli_0090000\"><\/noscript><\/sr7-bg>\n\t\t\t\t\t\t\t<sr7-txt id=\"hero3-289-1\" class=\"sr7-layer\">Projektjeink<\/sr7-txt>\n\t\t\t\t\t\t\t<sr7-txt id=\"hero3-289-2\" class=\"sr7-layer\">0{{current_slide_index}}<\/sr7-txt>\n\t\t\t\t\t\t\t<sr7-txt id=\"hero3-289-12\" class=\"sr7-layer\">A MIB kiterjedt kompetenci\u00e1ira t\u00e1maszkodva a saj\u00e1t fejleszt\u00e9s\u0171 lak\u00f3ingatlan-projektek mellett az ipari- \u00e9s logisztikai szegmensben, valamint a sz\u00e1llodafejleszt\u00e9sekben, tov\u00e1bb\u00e1 a bev\u00e1s\u00e1rl\u00f3k\u00f6zpontok meg\u00faj\u00edt\u00e1sa ter\u00e9n is sz\u00e1mos jelent\u0151s projektet val\u00f3s\u00edt meg. A fenntarthat\u00f3 \u00e9p\u00fclethasznos\u00edt\u00e1s \u00e9s \u00e9rt\u00e9kmeg\u0151rz\u00e9s jegy\u00e9ben strat\u00e9giai fontoss\u00e1g\u00fa beruh\u00e1z\u00e1sokat hajt v\u00e9gre a megl\u00e9v\u0151 ingatlan\u00e1llom\u00e1ny funkcion\u00e1lis \u00e1talak\u00edt\u00e1s\u00e1val. <\/sr7-txt>\n\t\t\t\t\t\t\t<sr7-txt id=\"hero3-289-14\" class=\"sr7-layer\">MIB ZRT.<\/sr7-txt>\n\t\t\t\t\t\t\t<sr7-txt id=\"hero3-289-16\" class=\"sr7-layer\"><i class=\"material-icons\">chevron_left<\/i><\/sr7-txt>\n\t\t\t\t\t\t\t<sr7-txt id=\"hero3-289-17\" class=\"sr7-layer\"><i class=\"material-icons\">chevron_right<\/i><\/sr7-txt>\n\t\t\t\t\t\t<\/sr7-slide>\n\t\t\t\t\t\t<sr7-slide id=\"hero3-290\" data-key=\"290\">\n\t\t\t\t\t\t\t<sr7-txt id=\"hero3-290-9\" class=\"sr7-layer\">scroll<\/sr7-txt>\n\t\t\t\t\t\t\t<sr7-txt id=\"hero3-290-13\" class=\"sr7-layer\">0{{total_slide_count}}<\/sr7-txt>\n\t\t\t\t\t\t<\/sr7-slide>\n\t\t\t\t\t<\/sr7-content>\n\t\t\t\t\t<image_lists style=\"display:none\">\n\t\t\t\t\t\t<img data-src=\"\/\/mibzrt.honlaptest.site\/wp-content\/uploads\/2024\/05\/budabright_kozeli_0090000-1.jpg\" data-libid=\"716\" data-lib=\"medialibrary\" title=\"budabright_kozeli_0090000\" width=\"0\" height=\"0\" data-dbsrc=\"Ly9taWJ6cnQuaG9ubGFwdGVzdC5zaXRlL3dwLWNvbnRlbnQvdXBsb2Fkcy8yMDI0LzA1L2J1ZGFicmlnaHRfa296ZWxpXzAwOTAwMDAtMS5qcGc=\"\/>\n\t\t\t\t\t<\/image_lists>\n\t\t\t\t<\/sr7-module>\n\t\t\t\t<script>\n\t\t\t\t\tSR7.PMH ??={}; SR7.PMH[\"hero3\"] = {cn:100,state:false,fn: function() { if (_tpt!==undefined && _tpt.prepareModuleHeight !== undefined) {  _tpt.prepareModuleHeight({id:\"hero3\",el:[900,900,768,960,720],type:'standard',shdw:'0',gh:[900,900,768,960,720],gw:[1440,1440,1024,778,480],vpt:['200px&#039;,&#039;200px&#039;,&#039;200px&#039;,&#039;200px&#039;,&#039;200px'],size:{fullWidth:true, fullHeight:true},fho:',',mh:'0',onh:0,onw:0,bg:{color:'{\"type\":\"solid\",\"orig\":\"rgba(30, 30, 30, 0.47)\",\"string\":\"rgba(30, 30, 30, 0.47)\"}'}});   SR7.PMH[\"hero3\"].state=true;} else if(SR7.PMH[\"hero3\"].cn-->0)\tsetTimeout( SR7.PMH[\"hero3\"].fn,19);}};SR7.PMH[\"hero3\" ].fn();\n\t\t\t\t<\/script>\n\n\t\t\t\t<\/div>\n\t\t\t<\/div><div class=\"et_pb_module revslider_divi revslider_divi_1\">\n\t\t\t\t\n\t\t\t\t\n\t\t\t\t\n\t\t\t\t\n\t\t\t\t\n\t\t\t\t\n\t\t\t\t<div class=\"et_pb_module_inner\">\n\t\t\t\t\t\n\t\t\t\t<p class=\"rs-p-wp-fix\"><\/p>\n\t\t\t\t<sr7-module data-alias=\"services1-12\" data-id=\"23\" id=\"services1\" class=\"rs-ov-hidden\" data-version=\"6.7.37\">\n\t\t\t\t\t<sr7-adjuster><\/sr7-adjuster>\n\t\t\t\t\t<sr7-content>\n\t\t\t\t\t\t<sr7-slide id=\"services1-26\" data-key=\"26\">\n\t\t\t\t\t\t\t<sr7-txt id=\"services1-26-0\" class=\"sr7-layer\">Egyre b\u0151v\u00fcl\u0151 lak\u00e1s- \u00e9s lak\u00f3parkfejleszt\u00e9seinkkel, retail, hotel \u00e9s infrastrukt\u00fara-beruh\u00e1z\u00e1sainkkal m\u00e1r nemcsak Magyarorsz\u00e1gon vagyunk jelen, hanem Eur\u00f3pa t\u00f6bb orsz\u00e1g\u00e1ban is, p\u00e9ld\u00e1ul Rom\u00e1ni\u00e1ban \u00e9s Horv\u00e1torsz\u00e1gban.<\/sr7-txt>\n\t\t\t\t\t\t\t<sr7-txt id=\"services1-26-2\" class=\"sr7-layer\">Mib Zrt.<\/sr7-txt>\n\t\t\t\t\t\t\t<sr7-txt id=\"services1-26-9\" class=\"sr7-layer\"><span style=\"line-height: 45px;\">6<\/span><\/sr7-txt>\n\t\t\t\t\t\t\t<sr7-txt id=\"services1-26-10\" class=\"sr7-layer\">Lak\u00f3park<\/sr7-txt>\n\t\t\t\t\t\t\t<sr7-txt id=\"services1-26-12\" class=\"sr7-layer\">Sz\u00e1lloda<\/sr7-txt>\n\t\t\t\t\t\t\t<sr7-txt id=\"services1-26-13\" class=\"sr7-layer\"><span style=\"line-height: 45px;\">2<\/span><\/sr7-txt>\n\t\t\t\t\t\t\t<sr7-txt id=\"services1-26-15\" class=\"sr7-layer\">Plaza<\/sr7-txt>\n\t\t\t\t\t\t\t<sr7-txt id=\"services1-26-16\" class=\"sr7-layer\"><span style=\"line-height: 45px;\">6<\/span><\/sr7-txt>\n\t\t\t\t\t\t\t<sr7-txt id=\"services1-26-21\" class=\"sr7-layer\">Eredm\u00e9nyeink <\/sr7-txt>\n\t\t\t\t\t\t<\/sr7-slide>\n\t\t\t\t\t\t<sr7-slide id=\"services1-38\" data-key=\"38\">\n\t\t\t\t\t\t<\/sr7-slide>\n\t\t\t\t\t<\/sr7-content>\n\t\t\t\t<\/sr7-module>\n\t\t\t\t<script>\n\t\t\t\t\tSR7.PMH ??={}; SR7.PMH[\"services1\"] = {cn:100,state:false,fn: function() { if (_tpt!==undefined && _tpt.prepareModuleHeight !== undefined) {  _tpt.prepareModuleHeight({id:\"services1\",el:[764,764,698,960,1510],type:'hero',shdw:'0',gh:[600,600,550,960,1117],gw:[1440,1440,1024,778,480],vpt:['100px&#039;,&#039;100px&#039;,&#039;100px&#039;,&#039;100px&#039;,&#039;100px'],size:{fullWidth:true, fullHeight:false},mh:'0',onh:0,onw:0,bg:{color:'{\"type\":\"solid\",\"orig\":\"#1e1e1e\",\"string\":\"rgba(30, 30, 30, 1)\"}'}});   SR7.PMH[\"services1\"].state=true;} else if(SR7.PMH[\"services1\"].cn-->0)\tsetTimeout( SR7.PMH[\"services1\"].fn,19);}};SR7.PMH[\"services1\" ].fn();\n\t\t\t\t<\/script>\n\n\t\t\t\t<\/div>\n\t\t\t<\/div><div class=\"et_pb_module revslider_divi revslider_divi_2\">\n\t\t\t\t\n\t\t\t\t\n\t\t\t\t\n\t\t\t\t\n\t\t\t\t\n\t\t\t\t\n\t\t\t\t<div class=\"et_pb_module_inner\">\n\t\t\t\t\t\n\t\t\t\t<p class=\"rs-p-wp-fix\"><\/p>\n\t\t\t\t<sr7-module data-alias=\"key-facts-tab-1\" data-id=\"14\" id=\"services1_1\" class=\"rs-ov-hidden\" data-version=\"6.7.37\">\n\t\t\t\t\t<sr7-adjuster><\/sr7-adjuster>\n\t\t\t\t\t<sr7-content>\n\t\t\t\t\t\t<sr7-slide id=\"services1_1-8\" data-key=\"8\">\n\t\t\t\t\t\t\t<sr7-txt id=\"services1_1-8-0\" class=\"sr7-layer\">Egyre b\u0151v\u00fcl\u0151 lak\u00e1s- \u00e9s lak\u00f3parkfejleszt\u00e9seinkkel, retail, hotel \u00e9s infrastrukt\u00fara-beruh\u00e1z\u00e1sainkkal m\u00e1r nemcsak Magyarorsz\u00e1gon vagyunk jelen, hanem Eur\u00f3pa t\u00f6bb orsz\u00e1g\u00e1ban is, p\u00e9ld\u00e1ul Rom\u00e1ni\u00e1ban \u00e9s Horv\u00e1torsz\u00e1gban.<\/sr7-txt>\n\t\t\t\t\t\t\t<sr7-txt id=\"services1_1-8-2\" class=\"sr7-layer\">MIB ZRT.<\/sr7-txt>\n\t\t\t\t\t\t\t<sr7-txt id=\"services1_1-8-16\" class=\"sr7-layer\"><span style=\"line-height: 45px;\">6<\/span><\/sr7-txt>\n\t\t\t\t\t\t\t<sr7-txt id=\"services1_1-8-20\" class=\"sr7-layer\">Lak\u00f3park<\/sr7-txt>\n\t\t\t\t\t\t\t<sr7-txt id=\"services1_1-8-21\" class=\"sr7-layer\">Eredm\u00e9nyeink <\/sr7-txt>\n\t\t\t\t\t\t\t<sr7-txt id=\"services1_1-8-23\" class=\"sr7-layer\">Plaza<\/sr7-txt>\n\t\t\t\t\t\t\t<sr7-txt id=\"services1_1-8-24\" class=\"sr7-layer\"><span style=\"line-height: 45px;\">6<\/span><\/sr7-txt>\n\t\t\t\t\t\t\t<sr7-txt id=\"services1_1-8-29\" class=\"sr7-layer\">Sz\u00e1lloda<\/sr7-txt>\n\t\t\t\t\t\t\t<sr7-txt id=\"services1_1-8-31\" class=\"sr7-layer\"><span style=\"line-height: 45px;\">2<\/span><\/sr7-txt>\n\t\t\t\t\t\t<\/sr7-slide>\n\t\t\t\t\t\t<sr7-slide id=\"services1_1-32\" data-key=\"32\">\n\t\t\t\t\t\t<\/sr7-slide>\n\t\t\t\t\t<\/sr7-content>\n\t\t\t\t<\/sr7-module>\n\t\t\t\t<script>\n\t\t\t\t\tSR7.PMH ??={}; SR7.PMH[\"services1_1\"] = {cn:100,state:false,fn: function() { if (_tpt!==undefined && _tpt.prepareModuleHeight !== undefined) {  _tpt.prepareModuleHeight({id:\"services1_1\",el:[1342,1342,1299,546,567],type:'hero',shdw:'0',gh:[600,600,768,510,500],gw:[1440,1440,1024,778,480],vpt:['100px&#039;,&#039;100px&#039;,&#039;100px&#039;,&#039;100px&#039;,&#039;100px'],size:{fullWidth:true, fullHeight:false},mh:'0',onh:0,onw:0,bg:{color:'{\"type\":\"solid\",\"orig\":\"#1e1e1e\",\"string\":\"rgba(30, 30, 30, 1)\"}'}});   SR7.PMH[\"services1_1\"].state=true;} else if(SR7.PMH[\"services1_1\"].cn-->0)\tsetTimeout( SR7.PMH[\"services1_1\"].fn,19);}};SR7.PMH[\"services1_1\" ].fn();\n\t\t\t\t<\/script>\n\n\t\t\t\t<\/div>\n\t\t\t<\/div><div class=\"et_pb_module revslider_divi revslider_divi_3\">\n\t\t\t\t\n\t\t\t\t\n\t\t\t\t\n\t\t\t\t\n\t\t\t\t\n\t\t\t\t\n\t\t\t\t<div class=\"et_pb_module_inner\">\n\t\t\t\t\t\n\t\t\t\t<p class=\"rs-p-wp-fix\"><\/p>\n\t\t\t\t<sr7-module data-alias=\"services1-12\" data-id=\"23\" id=\"services1_2\" class=\"rs-ov-hidden\" data-version=\"6.7.37\">\n\t\t\t\t\t<sr7-adjuster><\/sr7-adjuster>\n\t\t\t\t\t<sr7-content>\n\t\t\t\t\t\t<sr7-slide id=\"services1_2-26\" data-key=\"26\">\n\t\t\t\t\t\t\t<sr7-txt id=\"services1_2-26-0\" class=\"sr7-layer\">Egyre b\u0151v\u00fcl\u0151 lak\u00e1s- \u00e9s lak\u00f3parkfejleszt\u00e9seinkkel, retail, hotel \u00e9s infrastrukt\u00fara-beruh\u00e1z\u00e1sainkkal m\u00e1r nemcsak Magyarorsz\u00e1gon vagyunk jelen, hanem Eur\u00f3pa t\u00f6bb orsz\u00e1g\u00e1ban is, p\u00e9ld\u00e1ul Rom\u00e1ni\u00e1ban \u00e9s Horv\u00e1torsz\u00e1gban.<\/sr7-txt>\n\t\t\t\t\t\t\t<sr7-txt id=\"services1_2-26-2\" class=\"sr7-layer\">Mib Zrt.<\/sr7-txt>\n\t\t\t\t\t\t\t<sr7-txt id=\"services1_2-26-9\" class=\"sr7-layer\"><span style=\"line-height: 45px;\">6<\/span><\/sr7-txt>\n\t\t\t\t\t\t\t<sr7-txt id=\"services1_2-26-10\" class=\"sr7-layer\">Lak\u00f3park<\/sr7-txt>\n\t\t\t\t\t\t\t<sr7-txt id=\"services1_2-26-12\" class=\"sr7-layer\">Sz\u00e1lloda<\/sr7-txt>\n\t\t\t\t\t\t\t<sr7-txt id=\"services1_2-26-13\" class=\"sr7-layer\"><span style=\"line-height: 45px;\">2<\/span><\/sr7-txt>\n\t\t\t\t\t\t\t<sr7-txt id=\"services1_2-26-15\" class=\"sr7-layer\">Plaza<\/sr7-txt>\n\t\t\t\t\t\t\t<sr7-txt id=\"services1_2-26-16\" class=\"sr7-layer\"><span style=\"line-height: 45px;\">6<\/span><\/sr7-txt>\n\t\t\t\t\t\t\t<sr7-txt id=\"services1_2-26-21\" class=\"sr7-layer\">Eredm\u00e9nyeink <\/sr7-txt>\n\t\t\t\t\t\t<\/sr7-slide>\n\t\t\t\t\t\t<sr7-slide id=\"services1_2-38\" data-key=\"38\">\n\t\t\t\t\t\t<\/sr7-slide>\n\t\t\t\t\t<\/sr7-content>\n\t\t\t\t<\/sr7-module>\n\t\t\t\t<script>\n\t\t\t\t\tSR7.PMH ??={}; SR7.PMH[\"services1_2\"] = {cn:100,state:false,fn: function() { if (_tpt!==undefined && _tpt.prepareModuleHeight !== undefined) {  _tpt.prepareModuleHeight({id:\"services1_2\",el:[764,764,698,960,1510],type:'hero',shdw:'0',gh:[600,600,550,960,1117],gw:[1440,1440,1024,778,480],vpt:['100px&#039;,&#039;100px&#039;,&#039;100px&#039;,&#039;100px&#039;,&#039;100px'],size:{fullWidth:true, fullHeight:false},mh:'0',onh:0,onw:0,bg:{color:'{\"type\":\"solid\",\"orig\":\"#1e1e1e\",\"string\":\"rgba(30, 30, 30, 1)\"}'}});   SR7.PMH[\"services1_2\"].state=true;} else if(SR7.PMH[\"services1_2\"].cn-->0)\tsetTimeout( SR7.PMH[\"services1_2\"].fn,19);}};SR7.PMH[\"services1_2\" ].fn();\n\t\t\t\t<\/script>\n\n\t\t\t\t<\/div>\n\t\t\t<\/div><div class=\"et_pb_module revslider_divi revslider_divi_4\">\n\t\t\t\t\n\t\t\t\t\n\t\t\t\t\n\t\t\t\t\n\t\t\t\t\n\t\t\t\t\n\t\t\t\t<div class=\"et_pb_module_inner\">\n\t\t\t\t\t\n\t\t\t\t<p class=\"rs-p-wp-fix\"><\/p>\n\t\t\t\t<sr7-module data-alias=\"key-facts-desk-note2-1\" data-id=\"13\" id=\"services1_3\" class=\"rs-ov-hidden\" data-version=\"6.7.37\">\n\t\t\t\t\t<sr7-adjuster><\/sr7-adjuster>\n\t\t\t\t\t<sr7-content>\n\t\t\t\t\t\t<sr7-slide id=\"services1_3-7\" data-key=\"7\">\n\t\t\t\t\t\t\t<sr7-txt id=\"services1_3-7-0\" class=\"sr7-layer\">Egyre b\u0151v\u00fcl\u0151 lak\u00e1s- \u00e9s lak\u00f3parkfejleszt\u00e9seinkkel, retail, hotel \u00e9s infrastrukt\u00fara-beruh\u00e1z\u00e1sainkkal m\u00e1r nemcsak Magyarorsz\u00e1gon vagyunk jelen, hanem Eur\u00f3pa t\u00f6bb orsz\u00e1g\u00e1ban is, p\u00e9ld\u00e1ul Rom\u00e1ni\u00e1ban \u00e9s Horv\u00e1torsz\u00e1gban.<\/sr7-txt>\n\t\t\t\t\t\t\t<sr7-txt id=\"services1_3-7-2\" class=\"sr7-layer\">MIB ZRT.<\/sr7-txt>\n\t\t\t\t\t\t\t<sr7-txt id=\"services1_3-7-21\" class=\"sr7-layer\">Eredm\u00e9nyeink <\/sr7-txt>\n\t\t\t\t\t\t\t<sr7-txt id=\"services1_3-7-37\" class=\"sr7-layer\"><span style=\"line-height: 45px;\">6<\/span><\/sr7-txt>\n\t\t\t\t\t\t\t<sr7-txt id=\"services1_3-7-38\" class=\"sr7-layer\">Lak\u00f3park<\/sr7-txt>\n\t\t\t\t\t\t\t<sr7-txt id=\"services1_3-7-42\" class=\"sr7-layer\">Sz\u00e1lloda<\/sr7-txt>\n\t\t\t\t\t\t\t<sr7-txt id=\"services1_3-7-43\" class=\"sr7-layer\"><span style=\"line-height: 45px;\">2<\/span><\/sr7-txt>\n\t\t\t\t\t\t\t<sr7-txt id=\"services1_3-7-45\" class=\"sr7-layer\">Plaza<\/sr7-txt>\n\t\t\t\t\t\t\t<sr7-txt id=\"services1_3-7-46\" class=\"sr7-layer\"><span style=\"line-height: 45px;\">6<\/span><\/sr7-txt>\n\t\t\t\t\t\t<\/sr7-slide>\n\t\t\t\t\t\t<sr7-slide id=\"services1_3-31\" data-key=\"31\">\n\t\t\t\t\t\t<\/sr7-slide>\n\t\t\t\t\t<\/sr7-content>\n\t\t\t\t<\/sr7-module>\n\t\t\t\t<script>\n\t\t\t\t\tSR7.PMH ??={}; SR7.PMH[\"services1_3\"] = {cn:100,state:false,fn: function() { if (_tpt!==undefined && _tpt.prepareModuleHeight !== undefined) {  _tpt.prepareModuleHeight({id:\"services1_3\",el:[734,734,1299,646,1510],type:'hero',shdw:'0',gh:[600,600,768,510,1117],gw:[1440,1440,1024,778,480],vpt:['100px&#039;,&#039;100px&#039;,&#039;100px&#039;,&#039;100px&#039;,&#039;100px'],size:{fullWidth:true, fullHeight:false},mh:'0',onh:0,onw:0,bg:{color:'{\"type\":\"solid\",\"orig\":\"#1e1e1e\",\"string\":\"rgba(30, 30, 30, 1)\"}'}});   SR7.PMH[\"services1_3\"].state=true;} else if(SR7.PMH[\"services1_3\"].cn-->0)\tsetTimeout( SR7.PMH[\"services1_3\"].fn,19);}};SR7.PMH[\"services1_3\" ].fn();\n\t\t\t\t<\/script>\n\n\t\t\t\t<\/div>\n\t\t\t<\/div><div class=\"et_pb_module revslider_divi revslider_divi_5\">\n\t\t\t\t\n\t\t\t\t\n\t\t\t\t\n\t\t\t\t\n\t\t\t\t\n\t\t\t\t\n\t\t\t\t<div class=\"et_pb_module_inner\">\n\t\t\t\t\t&quot;[rev_slider\n\t\t\t\t<\/div>\n\t\t\t<\/div><\/p>\n","protected":false},"author":1,"featured_media":0,"parent":0,"menu_order":0,"comment_status":"closed","ping_status":"closed","template":"","meta":{"_et_pb_use_builder":"on","_et_pb_old_content":"","_et_gb_content_width":"","footnotes":""},"class_list":["post-275","page","type-page","status-publish","hentry"],"_links":{"self":[{"href":"https:\/\/mibzrt.honlaptest.site\/index.php?rest_route=\/wp\/v2\/pages\/275","targetHints":{"allow":["GET"]}}],"collection":[{"href":"https:\/\/mibzrt.honlaptest.site\/index.php?rest_route=\/wp\/v2\/pages"}],"about":[{"href":"https:\/\/mibzrt.honlaptest.site\/index.php?rest_route=\/wp\/v2\/types\/page"}],"author":[{"embeddable":true,"href":"https:\/\/mibzrt.honlaptest.site\/index.php?rest_route=\/wp\/v2\/users\/1"}],"replies":[{"embeddable":true,"href":"https:\/\/mibzrt.honlaptest.site\/index.php?rest_route=%2Fwp%2Fv2%2Fcomments&post=275"}],"version-history":[{"count":8,"href":"https:\/\/mibzrt.honlaptest.site\/index.php?rest_route=\/wp\/v2\/pages\/275\/revisions"}],"predecessor-version":[{"id":829,"href":"https:\/\/mibzrt.honlaptest.site\/index.php?rest_route=\/wp\/v2\/pages\/275\/revisions\/829"}],"wp:attachment":[{"href":"https:\/\/mibzrt.honlaptest.site\/index.php?rest_route=%2Fwp%2Fv2%2Fmedia&parent=275"}],"curies":[{"name":"wp","href":"https:\/\/api.w.org\/{rel}","templated":true}]}}