{"id":788,"date":"2024-05-22T15:38:01","date_gmt":"2024-05-22T15:38:01","guid":{"rendered":"https:\/\/mibzrt.honlaptest.site\/?page_id=788"},"modified":"2024-09-18T14:40:19","modified_gmt":"2024-09-18T14:40:19","slug":"kapcsolat","status":"publish","type":"page","link":"https:\/\/mibzrt.honlaptest.site\/?page_id=788","title":{"rendered":"Kapcsolat"},"content":{"rendered":"<p>[et_pb_section fb_built=&#8221;1&#8243; _builder_version=&#8221;4.24.2&#8243; _module_preset=&#8221;default&#8221; custom_margin=&#8221;-50px||0px||false|false&#8221; custom_padding=&#8221;0px||0px||true|false&#8221; global_colors_info=&#8221;{}&#8221;][et_pb_row _builder_version=&#8221;4.21.0&#8243; _module_preset=&#8221;default&#8221; width=&#8221;100%&#8221; max_width=&#8221;100%&#8221; custom_margin=&#8221;-50px||0px||false|false&#8221; custom_padding=&#8221;0px||0px||true|false&#8221; global_colors_info=&#8221;{}&#8221;][et_pb_column type=&#8221;4_4&#8243; _builder_version=&#8221;4.20.4&#8243; _module_preset=&#8221;default&#8221; global_colors_info=&#8221;{}&#8221;][revslider_divi revslider_divi=&#8221;%91rev_slider alias=%22adatvedelmi-tajekoztato-11%22 slidertitle=%22Kapcsolat%22%93%91\/rev_slider%93&#8243; _builder_version=&#8221;4.24.2&#8243; _module_preset=&#8221;default&#8221; global_colors_info=&#8221;{}&#8221;][\/revslider_divi][\/et_pb_column][\/et_pb_row][\/et_pb_section][et_pb_section fb_built=&#8221;1&#8243; custom_padding_last_edited=&#8221;on|phone&#8221; _builder_version=&#8221;4.24.2&#8243; _module_preset=&#8221;default&#8221; background_color=&#8221;#efebe6&#8243; custom_padding=&#8221;118px||118px||true|&#8221; custom_padding_tablet=&#8221;57px||57px||true|false&#8221; custom_padding_phone=&#8221;61px||61px||true|false&#8221; locked=&#8221;off&#8221; global_colors_info=&#8221;{}&#8221;][et_pb_row column_structure=&#8221;1_3,2_3&#8243; use_custom_gutter=&#8221;on&#8221; gutter_width=&#8221;2&#8243; _builder_version=&#8221;4.24.2&#8243; _module_preset=&#8221;default&#8221; background_enable_color=&#8221;off&#8221; width=&#8221;85%&#8221; max_width=&#8221;100%&#8221; hover_enabled=&#8221;0&#8243; border_color_bottom=&#8221;#f58227&#8243; global_colors_info=&#8221;{}&#8221; width_last_edited=&#8221;on|phone&#8221; width_phone=&#8221;93%&#8221; sticky_enabled=&#8221;0&#8243; width_tablet=&#8221;85%&#8221;][et_pb_column type=&#8221;1_3&#8243; _builder_version=&#8221;4.24.2&#8243; _module_preset=&#8221;default&#8221; background_color=&#8221;rgba(12,0,0,0.05)&#8221; border_width_bottom=&#8221;2px&#8221; border_color_bottom=&#8221;#F58227&#8243; global_colors_info=&#8221;{}&#8221;][et_pb_text _builder_version=&#8221;4.24.2&#8243; _module_preset=&#8221;default&#8221; text_font=&#8221;Playfair Display|700|||||||&#8221; text_text_color=&#8221;#1e1e1e&#8221; text_font_size=&#8221;75px&#8221; custom_padding=&#8221;68px||23px|32px|false|false&#8221; text_font_size_tablet=&#8221;&#8221; text_font_size_phone=&#8221;45px&#8221; text_font_size_last_edited=&#8221;on|phone&#8221; global_colors_info=&#8221;{}&#8221; custom_padding_last_edited=&#8221;on|phone&#8221; sticky_enabled=&#8221;0&#8243; custom_padding_phone=&#8221;68px||23px|29px|false|false&#8221; hover_enabled=&#8221;0&#8243; custom_padding_tablet=&#8221;68px||23px|32px|false|false&#8221;]<\/p>\n<p>El\u00e9rhet\u0151s\u00e9g<\/p>\n<p>[\/et_pb_text][et_pb_blurb title=&#8221;Email&#8221; icon_placement=&#8221;left&#8221; image_icon_width=&#8221;36px&#8221; content_max_width=&#8221;100%&#8221; image_icon_width_tablet=&#8221;&#8221; image_icon_width_phone=&#8221;38px&#8221; image_icon_width_last_edited=&#8221;on|phone&#8221; _builder_version=&#8221;4.24.2&#8243; _module_preset=&#8221;default&#8221; header_font=&#8221;Playfair Display|600|||||||&#8221; header_text_color=&#8221;#1E1E1E&#8221; header_font_size=&#8221;32px&#8221; body_font=&#8221;Fira Sans|300|||||||&#8221; body_text_color=&#8221;#1E1E1E&#8221; body_font_size=&#8221;18px&#8221; body_line_height=&#8221;0.4em&#8221; body_link_text_color=&#8221;#F58227&#8243; custom_margin=&#8221;44px|||||&#8221; custom_padding=&#8221;10px||23px|18px|false|false&#8221; hover_enabled=&#8221;0&#8243; header_font_size_tablet=&#8221;&#8221; header_font_size_phone=&#8221;20px&#8221; header_font_size_last_edited=&#8221;on|phone&#8221; body_link_font_size_tablet=&#8221;&#8221; body_link_font_size_phone=&#8221;16px&#8221; body_link_font_size_last_edited=&#8221;on|phone&#8221; global_colors_info=&#8221;{}&#8221; sticky_enabled=&#8221;0&#8243;]<\/p>\n<p><a href=\"mailto:hello@mibzrt.hu\">hello@mibzrt.hu<\/a><\/p>\n<p>[\/et_pb_blurb][et_pb_blurb title=&#8221;Telefon&#8221; icon_placement=&#8221;left&#8221; image_icon_width=&#8221;36px&#8221; content_max_width=&#8221;100%&#8221; image_icon_width_tablet=&#8221;&#8221; image_icon_width_phone=&#8221;38px&#8221; image_icon_width_last_edited=&#8221;on|phone&#8221; _builder_version=&#8221;4.24.2&#8243; _module_preset=&#8221;default&#8221; header_font=&#8221;Playfair Display|600|||||||&#8221; header_text_color=&#8221;#1E1E1E&#8221; header_font_size=&#8221;32px&#8221; body_font=&#8221;Fira Sans|300|||||||&#8221; body_text_color=&#8221;#1E1E1E&#8221; body_font_size=&#8221;18px&#8221; body_line_height=&#8221;0.4em&#8221; body_link_text_color=&#8221;#F58227&#8243; custom_margin=&#8221;0px||||false|false&#8221; custom_padding=&#8221;0px||23px|18px|false|false&#8221; link_option_url=&#8221;tel:+36305680504&#8243; hover_enabled=&#8221;0&#8243; header_font_size_tablet=&#8221;&#8221; header_font_size_phone=&#8221;20px&#8221; header_font_size_last_edited=&#8221;on|phone&#8221; body_link_font_size_tablet=&#8221;&#8221; body_link_font_size_phone=&#8221;16px&#8221; body_link_font_size_last_edited=&#8221;on|phone&#8221; global_colors_info=&#8221;{}&#8221; sticky_enabled=&#8221;0&#8243;]<\/p>\n<p><a href=\"tel:+36305680504\">+36 30 568 0504<\/a><\/p>\n<p>[\/et_pb_blurb][et_pb_blurb title=&#8221;C\u00edm&#8221; icon_placement=&#8221;left&#8221; image_icon_width=&#8221;36px&#8221; content_max_width=&#8221;100%&#8221; image_icon_width_tablet=&#8221;&#8221; image_icon_width_phone=&#8221;38px&#8221; image_icon_width_last_edited=&#8221;on|phone&#8221; _builder_version=&#8221;4.24.2&#8243; _module_preset=&#8221;default&#8221; header_font=&#8221;Playfair Display|600|||||||&#8221; header_text_color=&#8221;#1E1E1E&#8221; header_font_size=&#8221;32px&#8221; body_font=&#8221;Fira Sans|300|||||||&#8221; body_text_color=&#8221;#F58227&#8243; body_font_size=&#8221;18px&#8221; body_line_height=&#8221;0.4em&#8221; body_link_text_color=&#8221;#F58227&#8243; custom_margin=&#8221;0px||||false|false&#8221; custom_padding=&#8221;0px||66px|18px|false|false&#8221; hover_enabled=&#8221;0&#8243; header_font_size_tablet=&#8221;&#8221; header_font_size_phone=&#8221;20px&#8221; header_font_size_last_edited=&#8221;on|phone&#8221; body_link_font_size_tablet=&#8221;&#8221; body_link_font_size_phone=&#8221;16px&#8221; body_link_font_size_last_edited=&#8221;on|phone&#8221; border_color_bottom=&#8221;#F58227&#8243; global_colors_info=&#8221;{}&#8221; sticky_enabled=&#8221;0&#8243;]<\/p>\n<p>1149 Budapest, Angol utca 32.<\/p>\n<p>[\/et_pb_blurb][\/et_pb_column][et_pb_column type=&#8221;2_3&#8243; _builder_version=&#8221;4.24.2&#8243; _module_preset=&#8221;default&#8221; background_color=&#8221;rgba(12,0,0,0.05)&#8221; border_width_bottom=&#8221;2px&#8221; border_color_bottom=&#8221;#f58227&#8243; global_colors_info=&#8221;{}&#8221;][et_pb_text _builder_version=&#8221;4.24.2&#8243; _module_preset=&#8221;default&#8221; text_font=&#8221;Playfair Display|700|||||||&#8221; text_text_color=&#8221;#1e1e1e&#8221; text_font_size=&#8221;75px&#8221; custom_padding=&#8221;68px||23px|45px|false|false&#8221; hover_enabled=&#8221;0&#8243; text_font_size_tablet=&#8221;&#8221; text_font_size_phone=&#8221;45px&#8221; text_font_size_last_edited=&#8221;on|phone&#8221; global_colors_info=&#8221;{}&#8221; custom_padding_last_edited=&#8221;on|phone&#8221; custom_padding_phone=&#8221;68px||23px|32px|false|false&#8221; sticky_enabled=&#8221;0&#8243; custom_padding_tablet=&#8221;68px||23px|45px|false|false&#8221;]<\/p>\n<p>\u00dczenet<\/p>\n<p>[\/et_pb_text][et_pb_contact_form use_spam_service=&#8221;on&#8221; recaptcha_list=&#8221;recaptchaV3|recaptchaV3-0&#8243; email=&#8221;hello@albion32.hu&#8221; custom_message=&#8221;||et_pb_line_break_holder||||et_pb_line_break_holder||Kedves koll\u00e9g\u00e1k,||et_pb_line_break_holder||||et_pb_line_break_holder||\u00faj megkeres\u00e9s \u00e9rkezett az albion32.hu oldalr\u00f3l. k\u00e9rj\u00fck, vegy\u00e9tek fel a kapcsolatott az \u00fcgyf\u00e9llel. Az \u00fcgyf\u00e9l adatai a k\u00f6vetkez\u0151k:||et_pb_line_break_holder||||et_pb_line_break_holder||%%last-name%%||et_pb_line_break_holder||%%first-name%%||et_pb_line_break_holder||%%lakas-valaszto%%||et_pb_line_break_holder||%%email%%||et_pb_line_break_holder||%%orszaghivo%%||et_pb_line_break_holder||%%phone%%||et_pb_line_break_holder||%%message%%||et_pb_line_break_holder||%%gdpr%%||et_pb_line_break_holder||%%newsletter%%||et_pb_line_break_holder||&#8221; _builder_version=&#8221;4.24.2&#8243; _module_preset=&#8221;default&#8221; _unique_id=&#8221;ed2f8cdf-e4c7-4020-a6c7-bfb08416b244&#8243; form_field_background_color=&#8221;RGBA(255,255,255,0)&#8221; form_field_focus_text_color=&#8221;#1e1e1e&#8221; form_field_custom_margin=&#8221;||||false|false&#8221; form_field_custom_padding=&#8221;||12px|8px|false|false&#8221; form_field_font=&#8221;Fira Sans|500|||||||&#8221; form_field_font_size=&#8221;18px&#8221; form_field_line_height=&#8221;1em&#8221; custom_button=&#8221;on&#8221; button_text_color=&#8221;#1e1e1e&#8221; button_bg_color=&#8221;RGBA(255,255,255,0)&#8221; button_border_width=&#8221;2px&#8221; button_border_color=&#8221;#1e1e1e&#8221; button_border_radius=&#8221;0px&#8221; button_font=&#8221;Fira Sans||||||||&#8221; button_use_icon=&#8221;off&#8221; button_custom_margin=&#8221;78px||||false|false&#8221; button_custom_padding=&#8221;|75px||75px|false|true&#8221; custom_padding=&#8221;0px|45px|102px|45px|false|true&#8221; hover_enabled=&#8221;0&#8243; border_width_bottom=&#8221;1px&#8221; border_color_bottom=&#8221;#1e1e1e&#8221; global_colors_info=&#8221;{}&#8221; button_text_color__hover_enabled=&#8221;on|desktop&#8221; button_text_color__hover=&#8221;#F58227&#8243; button_border_color__hover_enabled=&#8221;on|hover&#8221; button_border_color__hover=&#8221;#F58227&#8243; sticky_enabled=&#8221;0&#8243; custom_padding_last_edited=&#8221;on|phone&#8221; custom_padding_phone=&#8221;0px|34px|102px|34px|false|true&#8221; custom_padding_tablet=&#8221;0px|45px|102px|45px|false|true&#8221;][et_pb_contact_field field_id=&#8221;last-name&#8221; field_title=&#8221;Vezet\u00e9kn\u00e9v&#8221; _builder_version=&#8221;4.24.2&#8243; form_field_text_color=&#8221;#1e1e1e&#8221; form_field_focus_text_color=&#8221;#f58227&#8243; form_field_font=&#8221;Fira Sans|500|||||||&#8221; form_field_font_size=&#8221;16px&#8221; form_field_line_height=&#8221;1em&#8221; global_colors_info=&#8221;{}&#8221; button_text_size__hover_enabled=&#8221;off&#8221; button_one_text_size__hover_enabled=&#8221;off&#8221; button_two_text_size__hover_enabled=&#8221;off&#8221; button_text_color__hover_enabled=&#8221;off&#8221; button_one_text_color__hover_enabled=&#8221;off&#8221; button_two_text_color__hover_enabled=&#8221;off&#8221; button_border_width__hover_enabled=&#8221;off&#8221; button_one_border_width__hover_enabled=&#8221;off&#8221; button_two_border_width__hover_enabled=&#8221;off&#8221; button_border_color__hover_enabled=&#8221;off&#8221; button_one_border_color__hover_enabled=&#8221;off&#8221; button_two_border_color__hover_enabled=&#8221;off&#8221; button_border_radius__hover_enabled=&#8221;off&#8221; button_one_border_radius__hover_enabled=&#8221;off&#8221; button_two_border_radius__hover_enabled=&#8221;off&#8221; button_letter_spacing__hover_enabled=&#8221;off&#8221; button_one_letter_spacing__hover_enabled=&#8221;off&#8221; button_two_letter_spacing__hover_enabled=&#8221;off&#8221; button_bg_color__hover_enabled=&#8221;off&#8221; button_one_bg_color__hover_enabled=&#8221;off&#8221; button_two_bg_color__hover_enabled=&#8221;off&#8221; custom_margin__hover_enabled=&#8221;off|desktop&#8221;][\/et_pb_contact_field][et_pb_contact_field field_id=&#8221;first-name&#8221; field_title=&#8221;Keresztn\u00e9v&#8221; _builder_version=&#8221;4.23.4&#8243; form_field_text_color=&#8221;#1e1e1e&#8221; form_field_focus_text_color=&#8221;#f58227&#8243; form_field_font=&#8221;Fira Sans|500|||||||&#8221; form_field_font_size=&#8221;16px&#8221; form_field_line_height=&#8221;1em&#8221; global_colors_info=&#8221;{}&#8221; button_text_size__hover_enabled=&#8221;off&#8221; button_one_text_size__hover_enabled=&#8221;off&#8221; button_two_text_size__hover_enabled=&#8221;off&#8221; button_text_color__hover_enabled=&#8221;off&#8221; button_one_text_color__hover_enabled=&#8221;off&#8221; button_two_text_color__hover_enabled=&#8221;off&#8221; button_border_width__hover_enabled=&#8221;off&#8221; button_one_border_width__hover_enabled=&#8221;off&#8221; button_two_border_width__hover_enabled=&#8221;off&#8221; button_border_color__hover_enabled=&#8221;off&#8221; button_one_border_color__hover_enabled=&#8221;off&#8221; button_two_border_color__hover_enabled=&#8221;off&#8221; button_border_radius__hover_enabled=&#8221;off&#8221; button_one_border_radius__hover_enabled=&#8221;off&#8221; button_two_border_radius__hover_enabled=&#8221;off&#8221; button_letter_spacing__hover_enabled=&#8221;off&#8221; button_one_letter_spacing__hover_enabled=&#8221;off&#8221; button_two_letter_spacing__hover_enabled=&#8221;off&#8221; button_bg_color__hover_enabled=&#8221;off&#8221; button_one_bg_color__hover_enabled=&#8221;off&#8221; button_two_bg_color__hover_enabled=&#8221;off&#8221;][\/et_pb_contact_field][et_pb_contact_field field_id=&#8221;Email&#8221; field_title=&#8221;Email c\u00edm&#8221; field_type=&#8221;email&#8221; _builder_version=&#8221;4.16&#8243; form_field_text_color=&#8221;#1e1e1e&#8221; form_field_focus_text_color=&#8221;#f58227&#8243; form_field_font=&#8221;Fira Sans|500|||||||&#8221; form_field_font_size=&#8221;16px&#8221; form_field_line_height=&#8221;1em&#8221; global_colors_info=&#8221;{}&#8221; button_text_size__hover_enabled=&#8221;off&#8221; button_one_text_size__hover_enabled=&#8221;off&#8221; button_two_text_size__hover_enabled=&#8221;off&#8221; button_text_color__hover_enabled=&#8221;off&#8221; button_one_text_color__hover_enabled=&#8221;off&#8221; button_two_text_color__hover_enabled=&#8221;off&#8221; button_border_width__hover_enabled=&#8221;off&#8221; button_one_border_width__hover_enabled=&#8221;off&#8221; button_two_border_width__hover_enabled=&#8221;off&#8221; button_border_color__hover_enabled=&#8221;off&#8221; button_one_border_color__hover_enabled=&#8221;off&#8221; button_two_border_color__hover_enabled=&#8221;off&#8221; button_border_radius__hover_enabled=&#8221;off&#8221; button_one_border_radius__hover_enabled=&#8221;off&#8221; button_two_border_radius__hover_enabled=&#8221;off&#8221; button_letter_spacing__hover_enabled=&#8221;off&#8221; button_one_letter_spacing__hover_enabled=&#8221;off&#8221; button_two_letter_spacing__hover_enabled=&#8221;off&#8221; button_bg_color__hover_enabled=&#8221;off&#8221; button_one_bg_color__hover_enabled=&#8221;off&#8221; button_two_bg_color__hover_enabled=&#8221;off&#8221;][\/et_pb_contact_field][et_pb_contact_field field_id=&#8221;lakas-valaszto&#8221; field_title=&#8221;Mekkora lak\u00e1st keres?&#8221; field_type=&#8221;select&#8221; select_options=&#8221;%91{%22value%22:%22St\u00fadi\u00f3%22,%22checked%22:0,%22dragID%22:-1},{%22value%22:%221+1 szob\u00e1s%22,%22checked%22:0,%22dragID%22:0},{%22value%22:%221+2 szob\u00e1s%22,%22checked%22:0,%22dragID%22:1},{%22value%22:%221+3 szob\u00e1s%22,%22checked%22:0,%22dragID%22:2},{%22value%22:%221+4 szob\u00e1s%22,%22checked%22:0,%22dragID%22:3},{%22value%22:%22Apartman%22,%22checked%22:0,%22dragID%22:4},{%22value%22:%22Penthouse%22,%22checked%22:0,%22dragID%22:5}%93&#8243; _builder_version=&#8221;4.23.4&#8243; _module_preset=&#8221;default&#8221; form_field_text_color=&#8221;#1e1e1e&#8221; form_field_focus_text_color=&#8221;#f58227&#8243; form_field_font=&#8221;Fira Sans|500|||||||&#8221; form_field_font_size=&#8221;16px&#8221; form_field_line_height=&#8221;1em&#8221; global_colors_info=&#8221;{}&#8221;][\/et_pb_contact_field][et_pb_contact_field field_id=&#8221;orszaghivo&#8221; field_title=&#8221;Orsz\u00e1gh\u00edv\u00f3&#8221; _builder_version=&#8221;4.24.2&#8243; _module_preset=&#8221;default&#8221; form_field_text_color=&#8221;#1e1e1e&#8221; form_field_focus_text_color=&#8221;#f58227&#8243; form_field_font=&#8221;Fira Sans|500|||||||&#8221; form_field_font_size=&#8221;16px&#8221; form_field_line_height=&#8221;1em&#8221; global_colors_info=&#8221;{}&#8221;][\/et_pb_contact_field][et_pb_contact_field field_id=&#8221;phone&#8221; field_title=&#8221;Telefonsz\u00e1m&#8221; _builder_version=&#8221;4.23.4&#8243; _module_preset=&#8221;default&#8221; form_field_text_color=&#8221;#1e1e1e&#8221; form_field_focus_text_color=&#8221;#f58227&#8243; form_field_font=&#8221;Fira Sans|500|||||||&#8221; form_field_font_size=&#8221;16px&#8221; form_field_line_height=&#8221;1em&#8221; global_colors_info=&#8221;{}&#8221;][\/et_pb_contact_field][et_pb_contact_field field_id=&#8221;message&#8221; field_title=&#8221;\u00dczenet&#8221; field_type=&#8221;text&#8221; fullwidth_field=&#8221;on&#8221; _builder_version=&#8221;4.24.2&#8243; form_field_text_color=&#8221;#1e1e1e&#8221; form_field_focus_text_color=&#8221;#f58227&#8243; form_field_font=&#8221;Fira Sans|500|||||||&#8221; form_field_font_size=&#8221;16px&#8221; global_colors_info=&#8221;{}&#8221; button_text_size__hover_enabled=&#8221;off&#8221; button_one_text_size__hover_enabled=&#8221;off&#8221; button_two_text_size__hover_enabled=&#8221;off&#8221; button_text_color__hover_enabled=&#8221;off&#8221; button_one_text_color__hover_enabled=&#8221;off&#8221; button_two_text_color__hover_enabled=&#8221;off&#8221; button_border_width__hover_enabled=&#8221;off&#8221; button_one_border_width__hover_enabled=&#8221;off&#8221; button_two_border_width__hover_enabled=&#8221;off&#8221; button_border_color__hover_enabled=&#8221;off&#8221; button_one_border_color__hover_enabled=&#8221;off&#8221; button_two_border_color__hover_enabled=&#8221;off&#8221; button_border_radius__hover_enabled=&#8221;off&#8221; button_one_border_radius__hover_enabled=&#8221;off&#8221; button_two_border_radius__hover_enabled=&#8221;off&#8221; button_letter_spacing__hover_enabled=&#8221;off&#8221; button_one_letter_spacing__hover_enabled=&#8221;off&#8221; button_two_letter_spacing__hover_enabled=&#8221;off&#8221; button_bg_color__hover_enabled=&#8221;off&#8221; button_one_bg_color__hover_enabled=&#8221;off&#8221; button_two_bg_color__hover_enabled=&#8221;off&#8221;][\/et_pb_contact_field][et_pb_contact_field field_id=&#8221;gdpr&#8221; field_title=&#8221;Adatkezel\u00e9si nyilatkozat:&#8221; field_type=&#8221;checkbox&#8221; checkbox_options=&#8221;%91{%22value%22:%22Az adatkezel\u00e9si t\u00e1j\u00e9koztat\u00f3ban foglaltakat elfogadom \u00e9s hozz\u00e1j\u00e1rulok, hogy szem\u00e9lyes adataim kapcsolatfelv\u00e9tel c\u00e9lj\u00e1b\u00f3l kezelj\u00e9k.%22,%22checked%22:0,%22dragID%22:-1,%22link_url%22:%22https:\/\/albion32.hu\/wp-content\/uploads\/2024\/03\/A32_adatkezelesi-tajekoztato_20240307.pdf%22,%22link_text%22:%22 Az adatkezel\u00e9si t\u00e1j\u00e9koztat\u00f3nkat ide kattintva \u00e9ri el.%22}%93&#8243; fullwidth_field=&#8221;on&#8221; _builder_version=&#8221;4.24.2&#8243; _module_preset=&#8221;default&#8221; form_field_text_color=&#8221;#1E1E1E&#8221; form_field_font_size=&#8221;14px&#8221; form_field_letter_spacing=&#8221;0px&#8221; form_field_line_height=&#8221;1.8em&#8221; custom_margin=&#8221;38px||12px||false|false&#8221; hover_enabled=&#8221;0&#8243; border_radii=&#8221;on|3px|3px|3px|3px&#8221; border_width_all=&#8221;1px&#8221; border_color_all=&#8221;#876865&#8243; global_colors_info=&#8221;{}&#8221; custom_margin_last_edited=&#8221;on|phone&#8221; sticky_enabled=&#8221;0&#8243; custom_margin_tablet=&#8221;44px||||false|false&#8221; custom_margin_phone=&#8221;48px||24px||false|false&#8221;][\/et_pb_contact_field][et_pb_contact_field field_id=&#8221;newsletter&#8221; field_title=&#8221;H\u00edrlev\u00e9l feliratkoz\u00e1s:&#8221; field_type=&#8221;checkbox&#8221; checkbox_options=&#8221;%91{%22value%22:%22Hozz\u00e1j\u00e1rulok, hogy a Magyar Ingatlanberuh\u00e1z\u00f3 Zrt. a megadott email c\u00edmemre marketing c\u00e9l\u00fa inform\u00e1ci\u00f3t k\u00fcldj\u00f6n aktu\u00e1lis aj\u00e1nlatair\u00f3l.%22,%22checked%22:0,%22dragID%22:-1,%22link_url%22:%22%22,%22link_text%22:%22%22}%93&#8243; required_mark=&#8221;off&#8221; fullwidth_field=&#8221;on&#8221; _builder_version=&#8221;4.24.2&#8243; _module_preset=&#8221;default&#8221; form_field_text_color=&#8221;#1E1E1E&#8221; form_field_font_size=&#8221;14px&#8221; custom_margin=&#8221;||0px||false|false&#8221; hover_enabled=&#8221;0&#8243; border_radii=&#8221;on|3px|3px|3px|3px&#8221; border_width_all=&#8221;1px&#8221; border_color_all=&#8221;#876865&#8243; global_colors_info=&#8221;{}&#8221; form_field_line_height=&#8221;1.8em&#8221; sticky_enabled=&#8221;0&#8243;][\/et_pb_contact_field][\/et_pb_contact_form][\/et_pb_column][\/et_pb_row][\/et_pb_section]<\/p>\n","protected":false},"excerpt":{"rendered":"<p><div class=\"et_pb_module revslider_divi revslider_divi_0\">\n\t\t\t\t\n\t\t\t\t\n\t\t\t\t\n\t\t\t\t\n\t\t\t\t\n\t\t\t\t\n\t\t\t\t<div class=\"et_pb_module_inner\">\n\t\t\t\t\t\n\t\t\t\t<p class=\"rs-p-wp-fix\"><\/p>\n\t\t\t\t<sr7-module data-alias=\"adatvedelmi-tajekoztato-11\" data-id=\"81\" id=\"hero2\" class=\"rs-ov-hidden\" data-version=\"6.7.37\">\n\t\t\t\t\t<sr7-adjuster><\/sr7-adjuster>\n\t\t\t\t\t<sr7-content>\n\t\t\t\t\t\t<sr7-slide id=\"hero2-301\" data-key=\"301\">\n\t\t\t\t\t\t\t<sr7-bg id=\"hero2-301-21\" class=\"sr7-layer\"><noscript><img decoding=\"async\" src=\"https:\/\/mibzrt.honlaptest.site\/wp-content\/uploads\/2024\/05\/budabright_kulso_0030000.jpg\" alt=\"\" title=\"budabright_kulso_0030000\"><\/noscript><\/sr7-bg>\n\t\t\t\t\t\t\t<sr7-txt id=\"hero2-301-1\" class=\"sr7-layer\">Kapcsolat<\/sr7-txt>\n\t\t\t\t\t\t\t<sr7-txt id=\"hero2-301-14\" class=\"sr7-layer\">MIB zrt.<\/sr7-txt>\n\t\t\t\t\t\t<\/sr7-slide>\n\t\t\t\t\t\t<sr7-slide id=\"hero2-302\" data-key=\"302\">\n\t\t\t\t\t\t<\/sr7-slide>\n\t\t\t\t\t<\/sr7-content>\n\t\t\t\t\t<image_lists style=\"display:none\">\n\t\t\t\t\t\t<img data-src=\"\/\/mibzrt.honlaptest.site\/wp-content\/uploads\/2024\/05\/budabright_kulso_0030000.jpg\" data-libid=\"714\" data-lib=\"medialibrary\" title=\"budabright_kulso_0030000\" width=\"0\" height=\"0\" data-dbsrc=\"Ly9taWJ6cnQuaG9ubGFwdGVzdC5zaXRlL3dwLWNvbnRlbnQvdXBsb2Fkcy8yMDI0LzA1L2J1ZGFicmlnaHRfa3Vsc29fMDAzMDAwMC5qcGc=\"\/>\n\t\t\t\t\t<\/image_lists>\n\t\t\t\t<\/sr7-module>\n\t\t\t\t<script>\n\t\t\t\t\tSR7.PMH ??={}; SR7.PMH[\"hero2\"] = {cn:100,state:false,fn: function() { if (_tpt!==undefined && _tpt.prepareModuleHeight !== undefined) {  _tpt.prepareModuleHeight({id:\"hero2\",el:[500,500,500,500,500],type:'hero',shdw:'0',gh:[500,500,500,500,500],gw:[1240,1240,1024,778,480],vpt:['200px&#039;,&#039;200px&#039;,&#039;200px&#039;,&#039;200px&#039;,&#039;200px'],size:{fullWidth:true, fullHeight:false},mh:'0',onh:0,onw:0,bg:{color:'{\"type\":\"solid\",\"orig\":\"#1e1e1e\",\"string\":\"rgba(30, 30, 30, 1)\"}'}});   SR7.PMH[\"hero2\"].state=true;} else if(SR7.PMH[\"hero2\"].cn-->0)\tsetTimeout( SR7.PMH[\"hero2\"].fn,19);}};SR7.PMH[\"hero2\" ].fn();\n\t\t\t\t<\/script>\n\n\t\t\t\t<\/div>\n\t\t\t<\/div>El\u00e9rhet\u0151s\u00e9ghello@mibzrt.hu+36 30 568 05041149 Budapest, Angol utca 32.\u00dczenet<\/p>\n","protected":false},"author":1,"featured_media":0,"parent":0,"menu_order":0,"comment_status":"closed","ping_status":"closed","template":"","meta":{"_et_pb_use_builder":"on","_et_pb_old_content":"","_et_gb_content_width":"","footnotes":""},"class_list":["post-788","page","type-page","status-publish","hentry"],"_links":{"self":[{"href":"https:\/\/mibzrt.honlaptest.site\/index.php?rest_route=\/wp\/v2\/pages\/788","targetHints":{"allow":["GET"]}}],"collection":[{"href":"https:\/\/mibzrt.honlaptest.site\/index.php?rest_route=\/wp\/v2\/pages"}],"about":[{"href":"https:\/\/mibzrt.honlaptest.site\/index.php?rest_route=\/wp\/v2\/types\/page"}],"author":[{"embeddable":true,"href":"https:\/\/mibzrt.honlaptest.site\/index.php?rest_route=\/wp\/v2\/users\/1"}],"replies":[{"embeddable":true,"href":"https:\/\/mibzrt.honlaptest.site\/index.php?rest_route=%2Fwp%2Fv2%2Fcomments&post=788"}],"version-history":[{"count":28,"href":"https:\/\/mibzrt.honlaptest.site\/index.php?rest_route=\/wp\/v2\/pages\/788\/revisions"}],"predecessor-version":[{"id":872,"href":"https:\/\/mibzrt.honlaptest.site\/index.php?rest_route=\/wp\/v2\/pages\/788\/revisions\/872"}],"wp:attachment":[{"href":"https:\/\/mibzrt.honlaptest.site\/index.php?rest_route=%2Fwp%2Fv2%2Fmedia&parent=788"}],"curies":[{"name":"wp","href":"https:\/\/api.w.org\/{rel}","templated":true}]}}